{"id":15,"date":"2023-11-03T19:01:13","date_gmt":"2023-11-03T19:01:13","guid":{"rendered":"https:\/\/h601560.web312.dogado.net\/wp20231103\/?page_id=15"},"modified":"2025-01-27T17:43:18","modified_gmt":"2025-01-27T17:43:18","slug":"fussball","status":"publish","type":"page","link":"https:\/\/svpfahlheim.de\/?page_id=15","title":{"rendered":"Fu\u00dfball"},"content":{"rendered":"\n<p>Seit der Gr\u00fcndung des Sportvereins im Jahre 1947, spielt die Abteilung Fu\u00dfball eine pr\u00e4gende Rolle f\u00fcr den Verein. Mit aktuell 14 Mannschaften, stellt die Abteilung des Fu\u00dfballs damit den gr\u00f6\u00dften Bereich des Vereins dar. Unter den 14 Mannschaften sind 12 Jugendmannschaften sowie zwei Herrenmannschaften. <\/p>\n\n\n\n<p>Die erste Mannschaft spielt aktuell in der Kreisliga A2 und konnte sich in den letzten Jahren als nennenswerter Gegner in der Liga etablieren.<\/p>\n\n\n\n<div class=\"wp-block-buttons is-content-justification-center is-layout-flex wp-container-core-buttons-is-layout-16018d1d wp-block-buttons-is-layout-flex\">\n<div class=\"wp-block-button\"><a class=\"wp-block-button__link has-text-align-center wp-element-button\" href=\"https:\/\/www.fussball.de\/verein\/sv-pfahlheim-wuerttemberg\/-\/id\/00ES8GNB1000001EVV0AG08LVUPGND5I#!\/\" target=\"_blank\" rel=\"noreferrer noopener\">zum Vereinsspielplan aller Mannschaften<\/a><\/div>\n<\/div>\n\n\n\n<hr class=\"wp-block-separator aligncenter has-text-color has-vivid-red-color has-alpha-channel-opacity has-vivid-red-background-color has-background is-style-wide\"\/>\n\n\n\n<h2 class=\"wp-block-heading has-vivid-red-color has-text-color has-link-color wp-elements-890d7e02290c3fe360c62ea2488c4b01\"><strong>Trainingszeiten der 1. und 2. Mannschaft<\/strong>:<\/h2>\n\n\n\n<div class=\"wp-block-columns is-layout-flex wp-container-core-columns-is-layout-9d6595d7 wp-block-columns-is-layout-flex\">\n<div class=\"wp-block-column is-layout-flow wp-block-column-is-layout-flow\">\n<p><strong>Dienstag<\/strong><\/p>\n\n\n\n<p><strong>Freitag<\/strong><\/p>\n\n\n\n<p class=\"has-text-color has-link-color wp-elements-b0e944ea4bd7be36ca4bc259170617a9\" style=\"color:#00000052\">auf dem Sportgel\u00e4nde des SVP<\/p>\n<\/div>\n\n\n\n<div class=\"wp-block-column is-layout-flow wp-block-column-is-layout-flow\">\n<p>19:00 &#8211; 20:30 Uhr<\/p>\n\n\n\n<p>19:00 &#8211; 20:30 Uhr<\/p>\n<\/div>\n<\/div>\n\n\n\n<h2 class=\"wp-block-heading has-vivid-red-color has-text-color has-link-color wp-elements-9eda40e3598b31a63da6b730467de16f\"><strong>Trainerteam Fu\u00dfball Aktive:<\/strong><\/h2>\n\n\n\n<div class=\"wp-block-columns is-layout-flex wp-container-core-columns-is-layout-9d6595d7 wp-block-columns-is-layout-flex\">\n<div class=\"wp-block-column is-layout-flow wp-block-column-is-layout-flow\">\n<p><strong>Trainer<\/strong><\/p>\n\n\n\n<p><strong>Co-Trainer<\/strong><\/p>\n<\/div>\n\n\n\n<div class=\"wp-block-column is-layout-flow wp-block-column-is-layout-flow\">\n<p>Branko Okic<\/p>\n\n\n\n<p>Luka Hieber, Dominik Rieger<\/p>\n<\/div>\n<\/div>\n\n\n\n<h2 class=\"wp-block-heading has-vivid-red-color has-text-color has-link-color wp-elements-b4639701ca150a6899211d613fa6a673\"><strong>Leitung der Abteilung Fu\u00dfball<\/strong>:<\/h2>\n\n\n\n<div class=\"wp-block-columns is-layout-flex wp-container-core-columns-is-layout-9d6595d7 wp-block-columns-is-layout-flex\">\n<div class=\"wp-block-column is-layout-flow wp-block-column-is-layout-flow\">\n<p><strong>Vorstand Abteilung Fu\u00dfball<\/strong><\/p>\n\n\n\n<p><strong>Abteilungsleitung Fu\u00dfball<\/strong><\/p>\n<\/div>\n\n\n\n<div class=\"wp-block-column is-layout-flow wp-block-column-is-layout-flow\">\n<p>Peter Frosch<\/p>\n\n\n\n<p>Jonas Hieber, Dominik Groll<\/p>\n<\/div>\n<\/div>\n\n\n\n<hr class=\"wp-block-separator has-text-color has-vivid-red-color has-alpha-channel-opacity has-vivid-red-background-color has-background is-style-wide\"\/>\n\n\n\n<div class=\"wp-block-group\"><div class=\"wp-block-group__inner-container is-layout-constrained wp-block-group-is-layout-constrained\">\n<h2 class=\"wp-block-heading has-vivid-red-color has-text-color has-link-color wp-elements-7a9ece3da7d60bee128559d77e07672e\"><strong>AH<\/strong> &#8211; Alte Hasen braucht der Rasen!<\/h2>\n\n\n\n<p><em>Alter 31 \u2013 71 Jahre<\/em><\/p>\n\n\n\n<p>Die AH des SV Pfahlheim unter der Leitung von Tobias Deisinger und Mario M\u00e4rz trifft sich einmal w\u00f6chentlich zur k\u00f6rperlichen Ert\u00fcchtigung und gem\u00fctlichem Beisammensein.<\/p>\n\n\n\n<h2 class=\"wp-block-heading has-vivid-red-color has-text-color has-link-color wp-elements-4c717005374c736b283d5de3471b4d9b\"><strong>Trainingszeiten:<\/strong><\/h2>\n\n\n\n<p><strong>In den Sommermonaten: <\/strong><\/p>\n\n\n\n<p><em>Freitag<\/em> von <em>18.30 Uhr \u2013 20.00 Uhr<\/em> auf dem <strong>Sportplatz<\/strong><\/p>\n\n\n\n<p><strong>In den Wintermonaten:<\/strong><\/p>\n\n\n\n<p><em>Donnerstag<\/em> von <em>19.45Uhr \u2013 21.00 Uhr<\/em> in der <strong>Kastellhalle (Neu)<\/strong><\/p>\n\n\n\n<p>Training bei der AH hei\u00dft: zwei Tore aufstellen, zwei Mannschaften einteilen und dann geht\u2019s los. Ausdauertraining, Spurts, Schusstraining, etc. brauchen wir nicht mehr \u2013 das k\u00f6nnen wir bereits! Naja, ein bisschen Aufw\u00e4rmen sollte schon sein\u2026<\/p>\n\n\n\n<p>Nach dem Training muss man sich st\u00e4rken. Daher findet nach jeder Einheit ein z\u00fcnftiges Vesper statt!<\/p>\n\n\n\n<p>Neben dem Training nehmen wir an zahlreichen Turnieren in der Region teil. Aber auch das Gesellige darf bei uns nicht fehlen. So findet beispielsweise j\u00e4hrlich der Legend\u00e4re \u201eAH-Ausflug\u201c statt.<\/p>\n\n\n\n<p><strong>Interessierte sind herzlich Willkommen mal ganz unverbindlich bei uns reinzuschnuppern!<\/strong><\/p>\n<\/div><\/div>\n\n\n\n<hr class=\"wp-block-separator has-text-color has-vivid-red-color has-alpha-channel-opacity has-vivid-red-background-color has-background is-style-wide\"\/>\n\n\n\n<div class=\"wp-block-group\"><div class=\"wp-block-group__inner-container is-layout-constrained wp-block-group-is-layout-constrained\">\n<div class=\"wp-block-group\"><div class=\"wp-block-group__inner-container is-layout-constrained wp-block-group-is-layout-constrained\">\n<div class=\"wp-block-group\"><div class=\"wp-block-group__inner-container is-layout-constrained wp-block-group-is-layout-constrained\">\n<h2 class=\"wp-block-heading has-vivid-red-color has-white-background-color has-text-color has-background has-link-color wp-elements-4df58aaf92a348bc510b734624a54b9c\"><strong>Ansprechpartner Fu\u00dfball:<\/strong><\/h2>\n\n\n\n<div class=\"wp-block-columns is-layout-flex wp-container-core-columns-is-layout-9d6595d7 wp-block-columns-is-layout-flex\">\n<div class=\"wp-block-column is-layout-flow wp-block-column-is-layout-flow\" style=\"flex-basis:50%\">\n<pre class=\"wp-block-preformatted has-white-background-color has-background\"><strong>Abteilungsleiter Fu\u00dfball<\/strong>\nJonas Hieber\nDominik Groll\n\n\n<strong>fussball@svpfahlheim.de<\/strong><\/pre>\n<\/div>\n\n\n\n<div class=\"wp-block-column is-layout-flow wp-block-column-is-layout-flow\" style=\"flex-basis:50%\">\n<pre class=\"wp-block-preformatted has-white-background-color has-background\"><strong>Jugendleiter Fu\u00dfball<\/strong>\nPeter Baumann\nMichael Egetemaier\nJohannes K\u00f6ppel\nLuka Hieber\n<strong>jugendfu\u00dfball@svpfahlheim.de <\/strong><\/pre>\n<\/div>\n<\/div>\n\n\n\n<div class=\"wp-block-columns are-vertically-aligned-center is-layout-flex wp-container-core-columns-is-layout-9d6595d7 wp-block-columns-is-layout-flex\">\n<div class=\"wp-block-column is-vertically-aligned-center is-layout-flow wp-block-column-is-layout-flow\" style=\"flex-basis:50%\">\n<pre class=\"wp-block-preformatted has-white-background-color has-background\"><strong>Vorstand Fu\u00dfball<\/strong>\nPeter Frosch\n<strong>vorstand-fu\u00dfball@svpfahlheim.de<\/strong><\/pre>\n<\/div>\n\n\n\n<div class=\"wp-block-column is-vertically-aligned-center is-layout-flow wp-block-column-is-layout-flow\" style=\"flex-basis:50%\">\n<pre class=\"wp-block-preformatted has-white-background-color has-background\"><strong>AH<\/strong>\nTobias Deisinger\n\n<strong>tobiasdeisinger@googlemail.com<\/strong><\/pre>\n<\/div>\n<\/div>\n<\/div><\/div>\n<\/div><\/div>\n<\/div><\/div>\n\n\n\n<div class=\"wp-block-file\"><a id=\"wp-block-file--media-ddd9e578-efac-4aea-bb11-f9bf28cf4014\" href=\"https:\/\/svpfahlheim.de\/wp-content\/uploads\/2025\/01\/Rasenbelegung_SV-Saison-2024-2025.xlsx\">Rasenbelegung_SV Saison 2024-2025<\/a><\/div>\n","protected":false},"excerpt":{"rendered":"<p>Seit der Gr\u00fcndung des Sportvereins im Jahre 1947, spielt die Abteilung Fu\u00dfball eine pr\u00e4gende Rolle f\u00fcr den Verein. Mit aktuell 14 Mannschaften, stellt die Abteilung des Fu\u00dfballs damit den gr\u00f6\u00dften Bereich des Vereins dar. Unter den 14 Mannschaften sind 12 Jugendmannschaften sowie zwei Herrenmannschaften. Die erste Mannschaft spielt aktuell in der Kreisliga A2 und konnte &hellip; <\/p>\n<p class=\"link-more\"><a href=\"https:\/\/svpfahlheim.de\/?page_id=15\" class=\"more-link\"><span class=\"screen-reader-text\">\u201eFu\u00dfball\u201c<\/span> weiterlesen<\/a><\/p>\n","protected":false},"author":1,"featured_media":102,"parent":0,"menu_order":0,"comment_status":"closed","ping_status":"closed","template":"","meta":{"footnotes":""},"class_list":["post-15","page","type-page","status-publish","has-post-thumbnail","hentry"],"_links":{"self":[{"href":"https:\/\/svpfahlheim.de\/index.php?rest_route=\/wp\/v2\/pages\/15","targetHints":{"allow":["GET"]}}],"collection":[{"href":"https:\/\/svpfahlheim.de\/index.php?rest_route=\/wp\/v2\/pages"}],"about":[{"href":"https:\/\/svpfahlheim.de\/index.php?rest_route=\/wp\/v2\/types\/page"}],"author":[{"embeddable":true,"href":"https:\/\/svpfahlheim.de\/index.php?rest_route=\/wp\/v2\/users\/1"}],"replies":[{"embeddable":true,"href":"https:\/\/svpfahlheim.de\/index.php?rest_route=%2Fwp%2Fv2%2Fcomments&post=15"}],"version-history":[{"count":19,"href":"https:\/\/svpfahlheim.de\/index.php?rest_route=\/wp\/v2\/pages\/15\/revisions"}],"predecessor-version":[{"id":323,"href":"https:\/\/svpfahlheim.de\/index.php?rest_route=\/wp\/v2\/pages\/15\/revisions\/323"}],"wp:featuredmedia":[{"embeddable":true,"href":"https:\/\/svpfahlheim.de\/index.php?rest_route=\/wp\/v2\/media\/102"}],"wp:attachment":[{"href":"https:\/\/svpfahlheim.de\/index.php?rest_route=%2Fwp%2Fv2%2Fmedia&parent=15"}],"curies":[{"name":"wp","href":"https:\/\/api.w.org\/{rel}","templated":true}]}}